{"id":287,"date":"2021-05-17T14:13:59","date_gmt":"2021-05-17T14:13:59","guid":{"rendered":"https:\/\/preview.treethemes.com\/maple\/demo8\/?page_id=287"},"modified":"2024-01-19T19:14:35","modified_gmt":"2024-01-19T19:14:35","slug":"about","status":"publish","type":"page","link":"https:\/\/kreat.media\/index.php\/about\/","title":{"rendered":"Nosotros"},"content":{"rendered":"<div class=\"wpb-content-wrapper\"><p>[vc_row css=&#8221;.vc_custom_1705691669333{margin-top: 60px !important;margin-bottom: 60px !important;}&#8221;][vc_column]<div id=\"ultimate-heading-635069f5261127cc4\" class=\"uvc-heading ult-adjust-bottom-margin ultimate-heading-635069f5261127cc4 uvc-1745 \" data-hspacer=\"line_only\"  data-halign=\"center\" style=\"text-align:center\"><div class=\"uvc-heading-spacer line_only\" style=\"margin-bottom:40px;height:40px;\"><span class=\"uvc-headings-line\" style=\"border-style:solid;border-bottom-width:40px;border-color:#ccc;width:1px;\"><\/span><\/div><\/div>[vc_custom_heading text=&#8221;Agencia de Marketing Digital&#8221; font_container=&#8221;tag:h6|text_align:center&#8221; use_theme_fonts=&#8221;yes&#8221;][vc_custom_heading text=&#8221;NOSOTROS&#8221; font_container=&#8221;tag:h2|font_size:50px|text_align:center&#8221; use_theme_fonts=&#8221;yes&#8221;][vc_empty_space height=&#8221;20px&#8221;][vc_row_inner][vc_column_inner width=&#8221;1\/6&#8243;][\/vc_column_inner][vc_column_inner width=&#8221;2\/3&#8243;][vc_column_text]<\/p>\n<p class=\"p1\" style=\"text-align: center;\">Kreat Media naci\u00f3 en el a\u00f1o 2015 con el prop\u00f3sito de convertirse en el partner de las marcas en la consecuci\u00f3n de sus objetivos de marketing.<\/p>\n<p class=\"p1\" style=\"text-align: center;\">Trabajamos en el Metaverso, Redes Sociales y Web en propuestas aterrizadas para nuestros clientes alineados con sus objetivos de marca.<\/p>\n<p>[\/vc_column_text][\/vc_column_inner][vc_column_inner width=&#8221;1\/6&#8243;][\/vc_column_inner][\/vc_row_inner][\/vc_column][\/vc_row]<\/p>\n<\/div>","protected":false},"excerpt":{"rendered":"<p>[vc_row css=&#8221;.vc_custom_1705691669333{margin-top: 60px !important;margin-bottom: 60px !important;}&#8221;][vc_column][vc_custom_heading text=&#8221;Agencia de Marketing Digital&#8221; font_container=&#8221;tag:h6|text_align:center&#8221; use_theme_fonts=&#8221;yes&#8221;][vc_custom_heading text=&#8221;NOSOTROS&#8221; font_container=&#8221;tag:h2|font_size:50px|text_align:center&#8221; use_theme_fonts=&#8221;yes&#8221;][vc_empty_space height=&#8221;20px&#8221;][vc_row_inner][vc_column_inner width=&#8221;1\/6&#8243;][\/vc_column_inner][vc_column_inner width=&#8221;2\/3&#8243;][vc_column_text] Kreat Media naci\u00f3 en el a\u00f1o 2015 con el prop\u00f3sito de convertirse en el partner de las marcas en la consecuci\u00f3n de sus objetivos de marketing. Trabajamos en el Metaverso, Redes Sociales y Web en propuestas aterrizadas [&hellip;]<\/p>\n","protected":false},"author":1,"featured_media":0,"parent":0,"menu_order":0,"comment_status":"closed","ping_status":"closed","template":"one-page-template.php","meta":{"footnotes":""},"class_list":["post-287","page","type-page","status-publish","hentry"],"_links":{"self":[{"href":"https:\/\/kreat.media\/index.php\/wp-json\/wp\/v2\/pages\/287","targetHints":{"allow":["GET"]}}],"collection":[{"href":"https:\/\/kreat.media\/index.php\/wp-json\/wp\/v2\/pages"}],"about":[{"href":"https:\/\/kreat.media\/index.php\/wp-json\/wp\/v2\/types\/page"}],"author":[{"embeddable":true,"href":"https:\/\/kreat.media\/index.php\/wp-json\/wp\/v2\/users\/1"}],"replies":[{"embeddable":true,"href":"https:\/\/kreat.media\/index.php\/wp-json\/wp\/v2\/comments?post=287"}],"version-history":[{"count":4,"href":"https:\/\/kreat.media\/index.php\/wp-json\/wp\/v2\/pages\/287\/revisions"}],"predecessor-version":[{"id":383,"href":"https:\/\/kreat.media\/index.php\/wp-json\/wp\/v2\/pages\/287\/revisions\/383"}],"wp:attachment":[{"href":"https:\/\/kreat.media\/index.php\/wp-json\/wp\/v2\/media?parent=287"}],"curies":[{"name":"wp","href":"https:\/\/api.w.org\/{rel}","templated":true}]}}